{"id":77,"date":"2023-04-07T17:33:53","date_gmt":"2023-04-07T17:33:53","guid":{"rendered":"https:\/\/mar-y-olivos.com\/?page_id=77"},"modified":"2023-04-08T08:44:23","modified_gmt":"2023-04-08T08:44:23","slug":"la-ruta-minoica","status":"publish","type":"page","link":"https:\/\/mar-y-olivos.com\/?page_id=77","title":{"rendered":"LA RUTA MINOICA"},"content":{"rendered":"\n<h1 class=\"wp-block-heading\">SIGUIENDO LOS PASOS DE MINOS<\/h1>\n\n\n\n<p><a href=\"https:\/\/en.wikipedia.org\/wiki\/Minoan_civilization\">https:\/\/en.wikipedia.org\/wiki\/Minoan_civilization<\/a><\/p>\n\n\n\n<p><a href=\"http:\/\/www.minoancrete.com\/\" target=\"_blank\" rel=\"noreferrer noopener\">http:\/\/www.minoancrete.com<\/a><\/p>\n\n\n\n<p>Los antiguos cretenses sab\u00edan c\u00f3mo elegir su propiedad inmobiliaria, as\u00ed que esta no es una mala manera para ver algunos de los mejores lugares en la isla. Permita por lo menos medio d\u00eda en el museo en&nbsp;<strong>Iraklio<\/strong>&nbsp;para apreciar la riqueza de la civilizaci\u00f3n minoica a trav\u00e9s de los tesoros encontrados en los principales sitios.&nbsp;<\/p>\n\n\n\n<p>Despu\u00e9s de explorar el palacio de&nbsp;<strong>Knossos<\/strong>, toma un peque\u00f1o desv\u00edo al santuario de&nbsp;<strong>Anemospilia<\/strong>&nbsp;. En &nbsp;<strong>Arhanes<\/strong>, puede detenerse en el excelente museo &nbsp;y la Villa&nbsp;<strong>Vathypetro&nbsp;<\/strong>cercana, que probablemente fue la casa de un noble minoico.<\/p>\n\n\n\n<p>Dir\u00edgete hacia el Este por el interior o por la costa hasta el palacio de&nbsp;<strong>Malia<\/strong>, y luego al sitio importante de&nbsp;<strong>Gournia<\/strong>, a unos 19 km al sureste de&nbsp;<strong>Agios Nikolaos<\/strong>. Continuando hacia el este fuera de la carretera a la aldea costera de&nbsp;<strong>Mohlos<\/strong>&nbsp;, donde hay &nbsp;tumbas cerca de los acantilados y un islote opuesto con las ruinas de las casas minoicas.&nbsp;<\/p>\n\n\n\n<p>Continuar hacia el este pasado Sitia a&nbsp;<strong>Palekastro<\/strong>, donde se espera que las excavaciones descubran un gran palacio.&nbsp;<\/p>\n\n\n\n<p>El palacio de Zakros est\u00e1 ubicado al lado de la hermosa playa de&nbsp;<strong>Kato Zakros<\/strong>&nbsp;y la garganta de Zakros.&nbsp;<\/p>\n\n\n\n<p>Tras un &nbsp;largo viaje hacia el oeste hacia el interior veremos el gran palacio de&nbsp;<strong>Phaestos<\/strong>&nbsp;y la villa de verano en&nbsp;<strong>Agia Triada<\/strong>&nbsp;.&nbsp;<\/p>\n\n\n\n<p>Los asentamientos menores de &nbsp;<strong>Kamilari<\/strong>&nbsp;y&nbsp;<strong>Kommos<\/strong>&nbsp;son pr\u00f3ximos a buenas playas.<\/p>\n\n\n\n<h2 class=\"wp-block-heading\">Mapa Ruta 1<\/h2>\n\n\n<p><iframe loading=\"lazy\" src=\"https:\/\/www.google.com\/maps\/embed?pb=!1m75!1m12!1m3!1d488936.116618007!2d25.416766843319806!3d35.2170735476132!2m3!1f0!2f0!3f0!3m2!1i1024!2i768!4f13.1!4m60!3e0!4m4!2s35.175096%2C+25.932245!3m2!1d35.175095999999996!2d25.932244999999998!4m5!1s0x149a5a2c6a8b54c3%3A0xdf4c12bfdb2e85c2!2zTXVzZW8gQXJxdWVvbMOzZ2ljbyBkZSBIZXJhY2xpw7NuLCDOns6xzr3OuM6_z4XOtM6vzrTOtywgQ2FuZMOtYSwgR3JlY2lh!3m2!1d35.3388102!2d25.137012499999997!4m5!1s0x149af62ca891997d%3A0xadc45e609291a966!2sAnemospilia%2C+Archanes%2C+Grecia!3m2!1d35.2554291!2d25.1445758!4m5!1s0x149af624c805c937%3A0x400bd2ce2b9b720!2sArcanes%2C+Grecia!3m2!1d35.2353169!2d25.1593119!4m5!1s0x149af6580538e369%3A0xf192e5891c44141b!2sVathypetro+Minoan+Villa%2C+Arcanes%2C+Grecia!3m2!1d35.2062524!2d25.1539808!4m5!1s0x149a7adfbab005f5%3A0x9bb670438c5703bd!2sMalia+Palace+Archaeological+Site%2C+Malia%2C+Grecia!3m2!1d35.2934031!2d25.4919519!4m5!1s0x1490877b3e59d6c7%3A0x89fde00174646d32!2sGournia+Minoan+Town%2C+Yer%C3%A1petra%2C+Grecia!3m2!1d35.1095873!2d25.7927234!4m5!1s0x14908ee414824651%3A0x873d20375dff5b7a!2sMochlos+Archaeological+Ruins%2C+Mochlos%2C+Grecia!3m2!1d35.186534!2d25.906523099999998!4m5!1s0x1490e50b5074a577%3A0x5f0c52f1bb035067!2sPalekastro%2C+Grecia!3m2!1d35.1979341!2d26.254291199999997!4m5!1s0x1490fa38b38cebe1%3A0x16b21d1a43493b4e!2sMinoan+Palace+of+Zakros%2C+Zakro%2C+Grecia!3m2!1d35.0971597!2d26.260650199999997!5e1!3m2!1ses!2ses!4v1524345035339\" width=\"1200\" height=\"450\" frameborder=\"0\" style=\"border:0\" allowfullscreen><\/iframe><\/p>\n\n\n\n<h2 class=\"wp-block-heading\">Mapa Ruta 2<\/h2>\n\n\n<p><iframe loading=\"lazy\" src=\"https:\/\/www.google.com\/maps\/embed?pb=!1m58!1m12!1m3!1d411800.07150958624!2d25.239453031671207!3d35.22248909882963!2m3!1f0!2f0!3f0!3m2!1i1024!2i768!4f13.1!4m43!3e0!4m5!1s0x1490fa38b38cebe1%3A0x16b21d1a43493b4e!2sPalacio+monoico+de+Zacros%2C+Kato+Zakros+723+00%2C+Grecia!3m2!1d35.0971597!2d26.260650199999997!4m5!1s0x1490fa77df8b933d%3A0x500bd2ce2ba7fb0!2sKato+Zakros%2C+Grecia!3m2!1d35.0976893!2d26.2627688!4m5!1s0x1490fa131b193b45%3A0x34c0e1a387499bb7!2sZachros+Gorge!3m2!1d35.1002892!2d26.245753399999998!4m5!1s0x149b1ec9fcd29155%3A0xcf072e19eb573423!2zUGhhaXN0b3MgTWlub2FuIFBhbGFjZSwgzqbOsc65z4PPhM6_z40sIEFnLiBJb2FubmlzIDcwMiAwMCwgR3JlY2lh!3m2!1d35.0514552!2d24.8145463!4m5!1s0x149b190b48644943%3A0xbd706fb2a2de042d!2sArchaeological+Site+of+Agia+Triada!3m2!1d35.0593867!2d24.793317599999998!4m5!1s0x149b1928726849d9%3A0x69b178a63b2eaaca!2zzpzOvc63zrzOtc65zrHOus6uIM6VzrvOuc6s!3m2!1d35.0375747!2d24.7980533!4m5!1s0x149b1862b0fd0a6d%3A0xfb5ecaf7d7307f47!2sKommos+Minoan+Antiquities%2C+Timpaki%2C+Grecia!3m2!1d35.0131802!2d24.7607511!5e1!3m2!1ses!2ses!4v1524346119793\" width=\"1200\" height=\"450\" frameborder=\"0\" style=\"border:0\" allowfullscreen><\/iframe><\/p>\n","protected":false},"excerpt":{"rendered":"<p>SIGUIENDO LOS PASOS DE MINOS https:\/\/en.wikipedia.org\/wiki\/Minoan_civilization http:\/\/www.minoancrete.com Los antiguos cretenses sab\u00edan c\u00f3mo elegir su propiedad inmobiliaria, as\u00ed que esta no es una mala manera para ver algunos de los mejores lugares en la isla. Permita por lo menos medio d\u00eda en el museo en&nbsp;Iraklio&nbsp;para apreciar la riqueza de la civilizaci\u00f3n minoica a trav\u00e9s de los &hellip; <\/p>\n<p class=\"link-more\"><a href=\"https:\/\/mar-y-olivos.com\/?page_id=77\" class=\"more-link\">Continue reading<span class=\"screen-reader-text\"> &#8220;LA RUTA MINOICA&#8221;<\/span><\/a><\/p>\n","protected":false},"author":1,"featured_media":372,"parent":0,"menu_order":0,"comment_status":"closed","ping_status":"closed","template":"","meta":{"_uag_custom_page_level_css":""},"yoast_head":"<!-- This site is optimized with the Yoast SEO plugin v20.4 - https:\/\/yoast.com\/wordpress\/plugins\/seo\/ -->\n<title>LA RUTA MINOICA - Bienvenido a MAR &amp; OLIVOS<\/title>\n<meta name=\"robots\" content=\"index, follow, max-snippet:-1, max-image-preview:large, max-video-preview:-1\" \/>\n<link rel=\"canonical\" href=\"https:\/\/mar-y-olivos.com\/?page_id=77\" \/>\n<meta property=\"og:locale\" content=\"en_US\" \/>\n<meta property=\"og:type\" content=\"article\" \/>\n<meta property=\"og:title\" content=\"LA RUTA MINOICA - Bienvenido a MAR &amp; OLIVOS\" \/>\n<meta property=\"og:description\" content=\"SIGUIENDO LOS PASOS DE MINOS https:\/\/en.wikipedia.org\/wiki\/Minoan_civilization http:\/\/www.minoancrete.com Los antiguos cretenses sab\u00edan c\u00f3mo elegir su propiedad inmobiliaria, as\u00ed que esta no es una mala manera para ver algunos de los mejores lugares en la isla. Permita por lo menos medio d\u00eda en el museo en&nbsp;Iraklio&nbsp;para apreciar la riqueza de la civilizaci\u00f3n minoica a trav\u00e9s de los &hellip; Continue reading &quot;LA RUTA MINOICA&quot;\" \/>\n<meta property=\"og:url\" content=\"https:\/\/mar-y-olivos.com\/?page_id=77\" \/>\n<meta property=\"og:site_name\" content=\"Bienvenido a MAR &amp; OLIVOS\" \/>\n<meta property=\"article:modified_time\" content=\"2023-04-08T08:44:23+00:00\" \/>\n<meta property=\"og:image\" content=\"https:\/\/mar-y-olivos.com\/wp-content\/uploads\/2023\/04\/2e66b02c-ba27-4a9c-9c00-d764185e53fb-1.jpg\" \/>\n\t<meta property=\"og:image:width\" content=\"640\" \/>\n\t<meta property=\"og:image:height\" content=\"358\" \/>\n\t<meta property=\"og:image:type\" content=\"image\/jpeg\" \/>\n<meta name=\"twitter:card\" content=\"summary_large_image\" \/>\n<meta name=\"twitter:label1\" content=\"Est. reading time\" \/>\n\t<meta name=\"twitter:data1\" content=\"2 minutes\" \/>\n<script type=\"application\/ld+json\" class=\"yoast-schema-graph\">{\"@context\":\"https:\/\/schema.org\",\"@graph\":[{\"@type\":\"WebPage\",\"@id\":\"https:\/\/mar-y-olivos.com\/?page_id=77\",\"url\":\"https:\/\/mar-y-olivos.com\/?page_id=77\",\"name\":\"LA RUTA MINOICA - Bienvenido a MAR &amp; OLIVOS\",\"isPartOf\":{\"@id\":\"https:\/\/mar-y-olivos.com\/#website\"},\"datePublished\":\"2023-04-07T17:33:53+00:00\",\"dateModified\":\"2023-04-08T08:44:23+00:00\",\"breadcrumb\":{\"@id\":\"https:\/\/mar-y-olivos.com\/?page_id=77#breadcrumb\"},\"inLanguage\":\"en-US\",\"potentialAction\":[{\"@type\":\"ReadAction\",\"target\":[\"https:\/\/mar-y-olivos.com\/?page_id=77\"]}]},{\"@type\":\"BreadcrumbList\",\"@id\":\"https:\/\/mar-y-olivos.com\/?page_id=77#breadcrumb\",\"itemListElement\":[{\"@type\":\"ListItem\",\"position\":1,\"name\":\"Portada\",\"item\":\"https:\/\/mar-y-olivos.com\/\"},{\"@type\":\"ListItem\",\"position\":2,\"name\":\"LA RUTA MINOICA\"}]},{\"@type\":\"WebSite\",\"@id\":\"https:\/\/mar-y-olivos.com\/#website\",\"url\":\"https:\/\/mar-y-olivos.com\/\",\"name\":\"Bienvenido a MAR &amp; OLIVOS\",\"description\":\"\",\"potentialAction\":[{\"@type\":\"SearchAction\",\"target\":{\"@type\":\"EntryPoint\",\"urlTemplate\":\"https:\/\/mar-y-olivos.com\/?s={search_term_string}\"},\"query-input\":\"required name=search_term_string\"}],\"inLanguage\":\"en-US\"}]}<\/script>\n<!-- \/ Yoast SEO plugin. -->","yoast_head_json":{"title":"LA RUTA MINOICA - Bienvenido a MAR &amp; OLIVOS","robots":{"index":"index","follow":"follow","max-snippet":"max-snippet:-1","max-image-preview":"max-image-preview:large","max-video-preview":"max-video-preview:-1"},"canonical":"https:\/\/mar-y-olivos.com\/?page_id=77","og_locale":"en_US","og_type":"article","og_title":"LA RUTA MINOICA - Bienvenido a MAR &amp; OLIVOS","og_description":"SIGUIENDO LOS PASOS DE MINOS https:\/\/en.wikipedia.org\/wiki\/Minoan_civilization http:\/\/www.minoancrete.com Los antiguos cretenses sab\u00edan c\u00f3mo elegir su propiedad inmobiliaria, as\u00ed que esta no es una mala manera para ver algunos de los mejores lugares en la isla. Permita por lo menos medio d\u00eda en el museo en&nbsp;Iraklio&nbsp;para apreciar la riqueza de la civilizaci\u00f3n minoica a trav\u00e9s de los &hellip; Continue reading \"LA RUTA MINOICA\"","og_url":"https:\/\/mar-y-olivos.com\/?page_id=77","og_site_name":"Bienvenido a MAR &amp; OLIVOS","article_modified_time":"2023-04-08T08:44:23+00:00","og_image":[{"width":640,"height":358,"url":"https:\/\/mar-y-olivos.com\/wp-content\/uploads\/2023\/04\/2e66b02c-ba27-4a9c-9c00-d764185e53fb-1.jpg","type":"image\/jpeg"}],"twitter_card":"summary_large_image","twitter_misc":{"Est. reading time":"2 minutes"},"schema":{"@context":"https:\/\/schema.org","@graph":[{"@type":"WebPage","@id":"https:\/\/mar-y-olivos.com\/?page_id=77","url":"https:\/\/mar-y-olivos.com\/?page_id=77","name":"LA RUTA MINOICA - Bienvenido a MAR &amp; OLIVOS","isPartOf":{"@id":"https:\/\/mar-y-olivos.com\/#website"},"datePublished":"2023-04-07T17:33:53+00:00","dateModified":"2023-04-08T08:44:23+00:00","breadcrumb":{"@id":"https:\/\/mar-y-olivos.com\/?page_id=77#breadcrumb"},"inLanguage":"en-US","potentialAction":[{"@type":"ReadAction","target":["https:\/\/mar-y-olivos.com\/?page_id=77"]}]},{"@type":"BreadcrumbList","@id":"https:\/\/mar-y-olivos.com\/?page_id=77#breadcrumb","itemListElement":[{"@type":"ListItem","position":1,"name":"Portada","item":"https:\/\/mar-y-olivos.com\/"},{"@type":"ListItem","position":2,"name":"LA RUTA MINOICA"}]},{"@type":"WebSite","@id":"https:\/\/mar-y-olivos.com\/#website","url":"https:\/\/mar-y-olivos.com\/","name":"Bienvenido a MAR &amp; OLIVOS","description":"","potentialAction":[{"@type":"SearchAction","target":{"@type":"EntryPoint","urlTemplate":"https:\/\/mar-y-olivos.com\/?s={search_term_string}"},"query-input":"required name=search_term_string"}],"inLanguage":"en-US"}]}},"uagb_featured_image_src":{"full":["https:\/\/mar-y-olivos.com\/wp-content\/uploads\/2023\/04\/2e66b02c-ba27-4a9c-9c00-d764185e53fb-1.jpg",640,358,false],"thumbnail":["https:\/\/mar-y-olivos.com\/wp-content\/uploads\/2023\/04\/2e66b02c-ba27-4a9c-9c00-d764185e53fb-1-150x150.jpg",150,150,true],"medium":["https:\/\/mar-y-olivos.com\/wp-content\/uploads\/2023\/04\/2e66b02c-ba27-4a9c-9c00-d764185e53fb-1-300x168.jpg",300,168,true],"medium_large":["https:\/\/mar-y-olivos.com\/wp-content\/uploads\/2023\/04\/2e66b02c-ba27-4a9c-9c00-d764185e53fb-1.jpg",525,294,false],"large":["https:\/\/mar-y-olivos.com\/wp-content\/uploads\/2023\/04\/2e66b02c-ba27-4a9c-9c00-d764185e53fb-1.jpg",525,294,false],"1536x1536":["https:\/\/mar-y-olivos.com\/wp-content\/uploads\/2023\/04\/2e66b02c-ba27-4a9c-9c00-d764185e53fb-1.jpg",640,358,false],"2048x2048":["https:\/\/mar-y-olivos.com\/wp-content\/uploads\/2023\/04\/2e66b02c-ba27-4a9c-9c00-d764185e53fb-1.jpg",640,358,false],"twentyseventeen-featured-image":["https:\/\/mar-y-olivos.com\/wp-content\/uploads\/2023\/04\/2e66b02c-ba27-4a9c-9c00-d764185e53fb-1.jpg",640,358,false],"twentyseventeen-thumbnail-avatar":["https:\/\/mar-y-olivos.com\/wp-content\/uploads\/2023\/04\/2e66b02c-ba27-4a9c-9c00-d764185e53fb-1-100x100.jpg",100,100,true]},"uagb_author_info":{"display_name":"mar.and.olivos","author_link":"https:\/\/mar-y-olivos.com\/?author=1"},"uagb_comment_info":0,"uagb_excerpt":"SIGUIENDO LOS PASOS DE MINOS https:\/\/en.wikipedia.org\/wiki\/Minoan_civilization http:\/\/www.minoancrete.com Los antiguos cretenses sab\u00edan c\u00f3mo elegir su propiedad inmobiliaria, as\u00ed que esta no es una mala manera para ver algunos de los mejores lugares en la isla. Permita por lo menos medio d\u00eda en el museo en&nbsp;Iraklio&nbsp;para apreciar la riqueza de la civilizaci\u00f3n minoica a trav\u00e9s de los&hellip;","_links":{"self":[{"href":"https:\/\/mar-y-olivos.com\/index.php?rest_route=\/wp\/v2\/pages\/77"}],"collection":[{"href":"https:\/\/mar-y-olivos.com\/index.php?rest_route=\/wp\/v2\/pages"}],"about":[{"href":"https:\/\/mar-y-olivos.com\/index.php?rest_route=\/wp\/v2\/types\/page"}],"author":[{"embeddable":true,"href":"https:\/\/mar-y-olivos.com\/index.php?rest_route=\/wp\/v2\/users\/1"}],"replies":[{"embeddable":true,"href":"https:\/\/mar-y-olivos.com\/index.php?rest_route=%2Fwp%2Fv2%2Fcomments&post=77"}],"version-history":[{"count":3,"href":"https:\/\/mar-y-olivos.com\/index.php?rest_route=\/wp\/v2\/pages\/77\/revisions"}],"predecessor-version":[{"id":376,"href":"https:\/\/mar-y-olivos.com\/index.php?rest_route=\/wp\/v2\/pages\/77\/revisions\/376"}],"wp:featuredmedia":[{"embeddable":true,"href":"https:\/\/mar-y-olivos.com\/index.php?rest_route=\/wp\/v2\/media\/372"}],"wp:attachment":[{"href":"https:\/\/mar-y-olivos.com\/index.php?rest_route=%2Fwp%2Fv2%2Fmedia&parent=77"}],"curies":[{"name":"wp","href":"https:\/\/api.w.org\/{rel}","templated":true}]}}